{"id":159,"date":"2021-01-22T13:01:15","date_gmt":"2021-01-22T12:01:15","guid":{"rendered":"http:\/\/roczyny.edu.pl\/?page_id=159"},"modified":"2021-06-28T09:59:10","modified_gmt":"2021-06-28T07:59:10","slug":"profilaktyka","status":"publish","type":"page","link":"http:\/\/roczyny.edu.pl\/index.php\/strefa-rodzica\/profilaktyka\/","title":{"rendered":"Profilaktyka"},"content":{"rendered":"<div dir=\"auto\">\n<div dir=\"auto\"><strong><span style=\"color: #ff0000;\">GDZIE SZUKA\u0106 POMOCY? &#8211; BAZA TELEFON\u00d3W<\/span><\/strong><\/div>\n<div dir=\"auto\"><\/div>\n<div dir=\"auto\">Wa\u017cne telefony antydepresyjne<\/div>\n<div dir=\"auto\">POMOC W KRYZYSIE PSYCHICZNYM<\/div>\n<div dir=\"auto\"><\/div>\n<div dir=\"auto\"><\/div>\n<div dir=\"auto\">Antydepresyjny Telefon Forum Przeciw Depresji<\/div>\n<div dir=\"auto\">tel. 22 594 91 00<\/div>\n<div dir=\"auto\">(czynny w ka\u017cd\u0105 \u015brod\u0119 \u2013 czwartek od 17.00 do 19.00)<\/div>\n<div dir=\"auto\">koszt po\u0142\u0105czenia jak na numer stacjonarny<\/div>\n<div dir=\"auto\">wg taryfy Twojego operatora telefonicznego<\/div>\n<div dir=\"auto\"><\/div>\n<div dir=\"auto\">Telefon zaufania dla os\u00f3b doros\u0142ych<\/div>\n<div dir=\"auto\">w kryzysie emocjonalnym<\/div>\n<div dir=\"auto\">tel. 116 123<\/div>\n<div dir=\"auto\">\u00a0(poniedzia\u0142ek-pi\u0105tek od 14:00-22:00, po\u0142\u0105czenie bezp\u0142atne)<\/div>\n<div dir=\"auto\"><\/div>\n<div dir=\"auto\">Telefon Zaufania dla Dzieci i M\u0142odzie\u017cy<\/div>\n<div dir=\"auto\">tel. 116 111<\/div>\n<div dir=\"auto\">(czynny 7 dni w tygodniu, 24 h na dob\u0119)<\/div>\n<div dir=\"auto\"><\/div>\n<div dir=\"auto\">ITAKA \u2013 Antydepresyjny telefon zaufania<\/div>\n<div dir=\"auto\">tel. 22 484 88 01<\/div>\n<div dir=\"auto\">Dy\u017cury psycholog\u00f3w:<\/div>\n<div dir=\"auto\">poniedzia\u0142ek 15.00 \u2013 20.00<\/div>\n<div dir=\"auto\">wtorek 15:00 \u2013 20:00<\/div>\n<div dir=\"auto\">\u015broda 10.00 \u2013 15.00<\/div>\n<div dir=\"auto\">pi\u0105tek 10.00 \u2013 15.00<\/div>\n<div dir=\"auto\">niedziela 15:00 \u2013 20:00<\/div>\n<div dir=\"auto\">Dy\u017cury psychiatr\u00f3w:<\/div>\n<div dir=\"auto\">czwartek 16:00 \u2013 21:00<\/div>\n<div dir=\"auto\">pi\u0105tek 15.00 \u2013 20.00<\/div>\n<div dir=\"auto\"><\/div>\n<div dir=\"auto\">O\u015brodek Interwencji Kryzysowej<\/div>\n<div dir=\"auto\">\u2013 pomoc psychiatryczno-pedagogiczna<\/div>\n<div dir=\"auto\">tel. 22 855 44 32<\/div>\n<div dir=\"auto\"><\/div>\n<div dir=\"auto\">O\u015brodek Interwencji Kryzysowej<\/div>\n<div dir=\"auto\">tel. 22 837 55 59<\/div>\n<div dir=\"auto\">(poniedzia\u0142ek \u2013 pi\u0105tek od 8:00 do 20:00)<\/div>\n<div dir=\"auto\"><\/div>\n<div dir=\"auto\">O\u015brodek Interwencji Kryzysowej \u2013 poradnia ds. przeciwdzia\u0142ania przemocy w rodzinie<\/div>\n<div dir=\"auto\">tel. 22 845 12 12 lub 667 833 400<\/div>\n<div dir=\"auto\">(poniedzia\u0142ek \u2013 pi\u0105tek od 08:00 do 20:00)<\/div>\n<div dir=\"auto\"><\/div>\n<div dir=\"auto\">Telefon zaufania \u2013 dla os\u00f3b kt\u00f3re znalaz\u0142y si\u0119 w trudnej sytuacji i potrzebuj\u0105 natychmiastowego interwencyjnego wsparcia.<\/div>\n<div dir=\"auto\">Telefon Zaufania<\/div>\n<div dir=\"auto\">tel. (22) 621 35 37<\/div>\n<div dir=\"auto\">Telefon Interwencyjny<\/div>\n<div dir=\"auto\">tel. 600 070 717<\/div>\n<div dir=\"auto\">Dy\u017cury w godzinach 10:00-16:00<\/div>\n<div dir=\"auto\">\u2013 psychologiczny: od pon. do pt. (bez czwartk\u00f3w)<\/div>\n<div dir=\"auto\">\u2013 prawny: czwartki<\/div>\n<div dir=\"auto\"><\/div>\n<div dir=\"auto\">Bezp\u0142atna linia wsparcia dla os\u00f3b po stracie bliskich<\/div>\n<div dir=\"auto\">tel. 0 800 108 108<\/div>\n<div dir=\"auto\">\u00a0(poniedzia\u0142ek-pi\u0105tek od 14.00 do 20.00)<\/div>\n<div dir=\"auto\"><\/div>\n<div dir=\"auto\">Telefoniczna Pierwsza Pomoc Psychologiczna<\/div>\n<div dir=\"auto\">tel. 22 425 98 48<\/div>\n<div dir=\"auto\">(poniedzia\u0142ek \u2013 pi\u0105tek od 17:00 do 20:00 \/ sobota od 15:00 do 17:00)<\/div>\n<div dir=\"auto\"><\/div>\n<div dir=\"auto\">Telefon interwencyjny w sprawie zaginionych dzieci \u2013 Linia Nadziei<\/div>\n<div dir=\"auto\">tel. 600 100 260<\/div>\n<div dir=\"auto\">(czynne ca\u0142odobowo)<\/div>\n<div dir=\"auto\"><\/div>\n<div dir=\"auto\"><\/div>\n<div dir=\"auto\"><\/div>\n<div dir=\"auto\">POMOC DLA NAUCZYCIELI I RODZIC\u00d3W<\/div>\n<div dir=\"auto\"><\/div>\n<div dir=\"auto\">Ca\u0142odobowa bezp\u0142atna infolinia dla dzieci, m\u0142odzie\u017cy, rodzic\u00f3w i nauczycieli<\/div>\n<div dir=\"auto\">tel. 800 080 222<\/div>\n<div dir=\"auto\">(czynne ca\u0142odobowo)<\/div>\n<div dir=\"auto\"><\/div>\n<div dir=\"auto\">Telefon dla rodzic\u00f3w i nauczycieli w sprawie bezpiecze\u0144stwa dzieci<\/div>\n<div dir=\"auto\">tel. 800 100 100<\/div>\n<div dir=\"auto\">(poniedzia\u0142ek-pi\u0105tek, od 12.00-15.00)<\/div>\n<div dir=\"auto\"><\/div>\n<div dir=\"auto\">Infolinia dla wychowawcy \u2013 pierwszy og\u00f3lnopolski<\/div>\n<div dir=\"auto\">telefon zaufania dla nauczycieli<\/div>\n<div dir=\"auto\">tel.\u00a0 0801 800 967<\/div>\n<div dir=\"auto\">(poniedzia\u0142ek, \u015broda, czwartek od 17:00-19:00)<\/div>\n<div dir=\"auto\"><\/div>\n<div dir=\"auto\">POMARA\u0143CZOWA LINIA \u2013 program informacyjno-konsultacyjny dla rodzic\u00f3w dzieci pij\u0105cych alkohol i za\u017cywaj\u0105cych narkotyki<\/div>\n<div dir=\"auto\">tel. 801 140 068<\/div>\n<div dir=\"auto\">(poniedzia\u0142ek \u2013 pi\u0105tek od 14:00 do 20:00)<\/div>\n<div dir=\"auto\"><\/div>\n<div dir=\"auto\"><\/div>\n<div dir=\"auto\"><\/div>\n<div dir=\"auto\">POMOC DLA DZIECI I M\u0141ODZIE\u017bY<\/div>\n<div dir=\"auto\"><\/div>\n<div dir=\"auto\">Ca\u0142odobowa bezp\u0142atna infolinia dla dzieci, m\u0142odzie\u017cy, rodzic\u00f3w i nauczycieli<\/div>\n<div dir=\"auto\">tel. 800 080 222<\/div>\n<div dir=\"auto\">(czynne ca\u0142odobowo)<\/div>\n<div dir=\"auto\"><\/div>\n<div dir=\"auto\">Biuro Rzecznika Praw Pacjenta<\/div>\n<div dir=\"auto\">Bezp\u0142atna infolinia<\/div>\n<div dir=\"auto\">tel. 800 190 590<\/div>\n<div dir=\"auto\">(poniedzia\u0142ek- pi\u0105tek od 8:00 do 20:00)<\/div>\n<div dir=\"auto\"><\/div>\n<div dir=\"auto\">Dzieci\u0119cy Telefon Zaufania<\/div>\n<div dir=\"auto\">Rzecznika Praw Dziecka<\/div>\n<div dir=\"auto\">tel. 800 12 12 12<\/div>\n<div dir=\"auto\">(poniedzia\u0142ek-pi\u0105tek od 8.15 do 20.00)<\/div>\n<div dir=\"auto\"><\/div>\n<div dir=\"auto\">Infolinia Rzecznika Praw Obywatelskich<\/div>\n<div dir=\"auto\">tel. 800 676 676<\/div>\n<div dir=\"auto\">(Czynna w poniedzia\u0142ki od godz. 10.00-18.00. Od wtorku do pi\u0105tku od godz. 8.00-16.00)<\/div>\n<div dir=\"auto\"><\/div>\n<div dir=\"auto\">Telefon Zaufania dla Dzieci i M\u0142odzie\u017cy<\/div>\n<div dir=\"auto\">tel. 116 111<\/div>\n<div dir=\"auto\">(czynny 7 dni w tygodniu, 24 h na dob\u0119)<\/div>\n<div dir=\"auto\">M\u0142odzie\u017cowy Telefon Zaufania<\/div>\n<div dir=\"auto\"><\/div>\n<div dir=\"auto\">tel. 19288<\/div>\n<div dir=\"auto\">(poniedzia\u0142ek-pi\u0105tek od 15:00- 19:00)<\/div>\n<div dir=\"auto\"><\/div>\n<div dir=\"auto\">M\u0142odzie\u017cowy telefon zaufania do rozm\u00f3w o seksie<\/div>\n<div dir=\"auto\">Pi\u0105tkowe Pogotowie Pontonowe<\/div>\n<div dir=\"auto\">tel. 22 635 93 92<\/div>\n<div dir=\"auto\">(w pi\u0105tki od godz. 16.00 do 20.00)<\/div>\n<div dir=\"auto\"><\/div>\n<div dir=\"auto\">Telefon dla dzieci i nastolatk\u00f3w zaniedbanych, seksualnie wykorzystywanych, kt\u00f3rych rodzice pij\u0105 \u2013 Telefon Stowarzyszenia Opta<\/div>\n<div dir=\"auto\">tel. 22 27 61 72<\/div>\n<div dir=\"auto\">(poniedzia\u0142ek-pi\u0105tek od 15:00 do 18:00)<\/div>\n<div dir=\"auto\"><\/div>\n<div dir=\"auto\"><\/div>\n<div dir=\"auto\"><\/div>\n<div dir=\"auto\">POMOC DLA OFIAR PRZEMOCY<\/div>\n<div dir=\"auto\">Og\u00f3lnopolski Telefon Dla Ofiar Przemocy w Rodzinie<\/div>\n<div dir=\"auto\">\u201eNiebieska Linia\u201d<\/div>\n<div dir=\"auto\">tel. 800 120 002<\/div>\n<div dir=\"auto\">telefon pracuje ca\u0142odobowo<\/div>\n<div dir=\"auto\"><\/div>\n<div dir=\"auto\">Poradnia Telefoniczna \u201eNiebieskiej Linii\u201d<\/div>\n<div dir=\"auto\">tel. 22 668 70 00<\/div>\n<div dir=\"auto\">(poniedzia\u0142ek \u2013 pi\u0105tek od 12:00 do 18:00)<\/div>\n<div dir=\"auto\"><\/div>\n<div dir=\"auto\">Policyjny Telefon Zaufania<\/div>\n<div dir=\"auto\">ds. Przeciwdzia\u0142ania Przemocy w Rodzinie<\/div>\n<div dir=\"auto\">tel. 800 120 226<\/div>\n<div dir=\"auto\">(poniedzia\u0142ek-pi\u0105tek, od 9.30-15.30, po\u0142\u0105czenie bezp\u0142atne)<\/div>\n<div dir=\"auto\"><\/div>\n<div dir=\"auto\">Telefon dla rodzic\u00f3w i nauczycieli w sprawie bezpiecze\u0144stwa dzieci<\/div>\n<div dir=\"auto\">tel. 800 100 100<\/div>\n<div dir=\"auto\">(poniedzia\u0142ek-pi\u0105tek, od 12.00-15.00)<\/div>\n<div dir=\"auto\"><\/div>\n<div dir=\"auto\"><\/div>\n<div dir=\"auto\">Ca\u0142odobowy telefon dla kobiet do\u015bwiadczaj\u0105cych przemocy<\/div>\n<div dir=\"auto\">tel. 600 070 717<\/div>\n<div dir=\"auto\">(codziennie \/ ca\u0142odobowo)<\/div>\n<div dir=\"auto\"><\/div>\n<div dir=\"auto\">Anonimowa policyjna linia specjalna \u2013 zatrzyma\u0107 przemoc<\/div>\n<div dir=\"auto\">tel. 800 120 148<\/div>\n<div dir=\"auto\">(ca\u0142odobowo, po\u0142\u0105czenie bezp\u0142atne)<\/div>\n<div dir=\"auto\"><\/div>\n<div dir=\"auto\">Telefon zaufania dla kobiet w ci\u0105\u017cy i rodziny<\/div>\n<div dir=\"auto\">tel. 85 732 22 22<\/div>\n<div dir=\"auto\">(poniedzia\u0142ek \u2013 pi\u0105tek od 15:00 do 18:00)<\/div>\n<div dir=\"auto\"><\/div>\n<div dir=\"auto\">Telefon zaufania \u2013\u00a0 Centrum Praw Kobiet<\/div>\n<div dir=\"auto\">22 62 13 537<\/div>\n<div dir=\"auto\">(czwartki od 10.00 do 16.00 dy\u017cur prawny)<\/div>\n<div dir=\"auto\"><\/div>\n<div dir=\"auto\">Telefon zaufania dla os\u00f3b dotkni\u0119tych przemoc\u0105 seksualn\u0105 w Ko\u015bciele<\/div>\n<div dir=\"auto\">800 280 900<\/div>\n<div dir=\"auto\">Telefon wsparcia dzia\u0142a we wtorki w godzinach 19:00-22:00.<\/div>\n<div dir=\"auto\">Kontakt telefoniczny przeznaczony jest przede wszystkim dla os\u00f3b,<\/div>\n<div dir=\"auto\">kt\u00f3re same do\u015bwiadczy\u0142y wykorzystywania seksualnego, oraz ich najbli\u017cszych.<\/div>\n<div dir=\"auto\">Inicjatyw\u0119 tworz\u0105 \u015bwieccy katolicy, telefon \u015bwiadczy pomoc osobom doros\u0142ym.<\/div>\n<div dir=\"auto\">Wi\u0119cej informacji: <a href=\"http:\/\/www.zranieni.info\" target=\"_blank\" rel=\"noopener noreferrer\" data-saferedirecturl=\"https:\/\/www.google.com\/url?q=http:\/\/www.zranieni.info&amp;source=gmail&amp;ust=1624951065261000&amp;usg=AFQjCNE63w2iMzXbyi2-PJeanHaVB8PHUA\">www.zranieni.info<\/a><\/div>\n<div dir=\"auto\"><\/div>\n<div dir=\"auto\"><\/div>\n<div dir=\"auto\">POMOC DLA OS\u00d3B Z UZALE\u017bNIENIAMI<\/div>\n<div dir=\"auto\"><\/div>\n<div dir=\"auto\"><\/div>\n<div dir=\"auto\">Og\u00f3lnopolski Telefon Zaufania \u201eUzale\u017cnienia behawioralne\u201d<\/div>\n<div dir=\"auto\">tel. 801 889 880<\/div>\n<div dir=\"auto\">(Czynny codziennie od godz. 17.00-22.00 z wyj\u0105tkiem \u015bwi\u0105t pa\u0144stwowych)<\/div>\n<div dir=\"auto\">\u00a0Dzwoni\u0105c p\u0142acisz tylko za pierwszy impuls po\u0142\u0105czenia<\/div>\n<div dir=\"auto\"><\/div>\n<div dir=\"auto\">Og\u00f3lnopolski Telefon Zaufania<\/div>\n<div dir=\"auto\">\u201eNarkotyki \u2013 Narkomania\u201d<\/div>\n<div dir=\"auto\">tel. 801 199 990<\/div>\n<div dir=\"auto\">(codziennie od godz. 16.00-21.00)<\/div>\n<div dir=\"auto\">Dzwoni\u0105c p\u0142acisz tylko za pierwszy impuls po\u0142\u0105czenia<\/div>\n<div dir=\"auto\"><\/div>\n<div dir=\"auto\">Infolinia stowarzyszenia Karan (problemy narkotykowe)<\/div>\n<div dir=\"auto\">tel. 800 120 289<\/div>\n<div dir=\"auto\">(poniedzia\u0142ek \u2013 pi\u0105tek od 9:00 do 17:00, po\u0142\u0105czenie bezp\u0142atne)<\/div>\n<div dir=\"auto\"><\/div>\n<div dir=\"auto\">Infolinia pogotowia makowego \u201ePOWR\u00d3T Z U\u201d<\/div>\n<div dir=\"auto\">tel. 801 109 696<\/div>\n<div dir=\"auto\">(poniedzia\u0142ek \u2013 pi\u0105tek od 10:00 do 20:00, sobota od 10:00 do 19:00)<\/div>\n<div dir=\"auto\"><\/div>\n<div dir=\"auto\">Narkomania \u2013 pomoc rodzinie infolinia towarzystwa rodzin i przyjaci\u00f3\u0142 dzieci uzale\u017cnionych \u201ePOWR\u00d3T Z U\u201d<\/div>\n<div dir=\"auto\">tel. 800 120 359<\/div>\n<div dir=\"auto\">(poniedzia\u0142ek \u2013 pi\u0105tek od 10:00 do 20:00, sobota od 10:00 do 15:00)<\/div>\n<div dir=\"auto\"><\/div>\n<div dir=\"auto\"><\/div>\n<div dir=\"auto\"><\/div>\n<div dir=\"auto\">CENTRUM POSZUKIWA\u0143 LUDZI ZAGINIONYCH<\/div>\n<div dir=\"auto\">Numery 24\/H \u2013 linie wsparcia<\/div>\n<div dir=\"auto\">tel. 801 24 70 70<\/div>\n<div dir=\"auto\">z numer\u00f3w stacjonarnych Orange Polska op\u0142ata jak za jeden impuls, niezale\u017cnie od d\u0142ugo\u015bci rozmowy z ka\u017cdego miejsca w Polsce<\/div>\n<div dir=\"auto\"><\/div>\n<div dir=\"auto\">tel. 22 654 70 70<\/div>\n<div dir=\"auto\">\u00a0z telefon\u00f3w stacjonarnych w Polsce<\/div>\n<div dir=\"auto\"><\/div>\n<div dir=\"auto\">tel. +48 22 654 70 70<\/div>\n<div dir=\"auto\">\u00a0gdy dzwonisz z zagranicy<\/div>\n<div dir=\"auto\"><\/div>\n<div dir=\"auto\">tel. +48 22 654 70 70<\/div>\n<div dir=\"auto\">\u00a0je\u015bli dzwonisz z telefonu kom\u00f3rkowego<\/div>\n<div dir=\"auto\"><\/div>\n<div dir=\"auto\">Telefon w sprawie zaginionego dziecka i nastolatka<\/div>\n<div dir=\"auto\">tel. 116 000<\/div>\n<div dir=\"auto\"><\/div>\n<div dir=\"auto\"><\/div>\n<div dir=\"auto\"><\/div>\n<div dir=\"auto\"><\/div>\n<div dir=\"auto\">POMOC ZWI\u0104ZANA Z OBAW\u0104 ZAKA\u017bENIA HIV\/AIDS<\/div>\n<div dir=\"auto\">Telefon Zaufania HIV\/AIDS<\/div>\n<div dir=\"auto\">tel. 22 692 82 26 lub 801 888 448<\/div>\n<div dir=\"auto\">(poniedzia\u0142ek-pi\u0105tek od 9:00 do 21:00)<\/div>\n<div dir=\"auto\">po\u0142\u0105czenie p\u0142atne tylko za pierwsz\u0105 minut\u0119<\/div>\n<\/div>\n<ul>\n<li><a href=\"https:\/\/portal.abczdrowie.pl\/badania-nad-e-papierosami-moga-byc-grozne-jak-toksyczne-gazy\">Badanie nad e-papierosami. Mog\u0105 by\u0107 gro\u017ane jak toksyczne gazy<\/a><\/li>\n<li><a href=\"https:\/\/www.kobieta.pl\/artykul\/dajesz-dziecku-tablet-cofasz-jego-mozg-do-poziomu-trzylatka-180822114625?fbclid=IwAR2FA5qQIWyUuuN-dUsstBjhFt-mf9_uPVqz6OuT8AIN4BD7ZEcFfHIRpMs\">Co si\u0119 dzieje z m\u00f3zgiem dziecka, gdy dajesz mu tablet lub smartfon<br \/>\n<\/a><\/li>\n<li><a href=\"https:\/\/forumprzeciwdepresji.pl\/\">Forum przeciw depresji<\/a><\/li>\n<li><a href=\"https:\/\/pl.aleteia.org\/2019\/04\/05\/jak-uchronic-dzieci-przed-uzaleznieniem-od-komputera-i-telefonu\/\">Jak uchroni\u0107 dzieci przed uzale\u017cnieniem od telefonu lub komputera<\/a><\/li>\n<li><a href=\"https:\/\/pl.aleteia.org\/2019\/07\/18\/fonoholizm-te-zachowania-moga-swiadczyc-o-uzaleznieniu-od-telefonu\/\">Fonoholizm &#8211; zachowania \u015bwiadcz\u0105ce o uzale\u017cnieniu od telefonu<br \/>\n<\/a><\/li>\n<li><a href=\"http:\/\/topniusy.eu\/tragedia-naszych-dzieci-o-ktorej-nikt-nie-mowi\/\">Co zrobi\u0107, aby nasze dzieci by\u0142y szcz\u0119\u015bliwe i zdrowe<br \/>\n<\/a><\/li>\n<li>L\u0119k &#8211; \u017cyciodajna emocja &#8211;\u00a0<a href=\"https:\/\/www.youtube.com\/watch?v=aJE5TKd29So\">filmik<\/a><\/li>\n<li>Jak sobie radzi\u0107 z l\u0119kiem przed koronawirusem &#8211;\u00a0<a href=\"https:\/\/www.youtube.com\/watch?v=srrPodn3aag&amp;t=20s\">film<\/a><\/li>\n<li>Znikaj\u0105ce dzieci, depresja nastolatk\u00f3w &#8211;<a href=\"https:\/\/www.youtube.com\/watch?v=gAdMVDVWYlQ\">\u00a0film<\/a><\/li>\n<\/ul>\n","protected":false},"excerpt":{"rendered":"<p>GDZIE SZUKA\u0106 POMOCY? &#8211; BAZA TELEFON\u00d3W Wa\u017cne telefony antydepresyjne POMOC W KRYZYSIE PSYCHICZNYM Antydepresyjny Telefon Forum Przeciw Depresji tel. 22 594 91 00 (czynny w ka\u017cd\u0105 \u015brod\u0119 \u2013 czwartek od 17.00 do 19.00) koszt po\u0142\u0105czenia jak na numer stacjonarny wg taryfy Twojego operatora telefonicznego Telefon zaufania dla os\u00f3b doros\u0142ych w kryzysie emocjonalnym tel. 116 123\u2026 <span class=\"read-more\"><a href=\"http:\/\/roczyny.edu.pl\/index.php\/strefa-rodzica\/profilaktyka\/\">Czytaj dalej &raquo;<\/a><\/span><\/p>\n","protected":false},"author":1,"featured_media":0,"parent":157,"menu_order":0,"comment_status":"closed","ping_status":"closed","template":"","meta":{"bgseo_title":"","bgseo_description":"","bgseo_robots_index":"index","bgseo_robots_follow":"follow"},"_links":{"self":[{"href":"http:\/\/roczyny.edu.pl\/index.php\/wp-json\/wp\/v2\/pages\/159"}],"collection":[{"href":"http:\/\/roczyny.edu.pl\/index.php\/wp-json\/wp\/v2\/pages"}],"about":[{"href":"http:\/\/roczyny.edu.pl\/index.php\/wp-json\/wp\/v2\/types\/page"}],"author":[{"embeddable":true,"href":"http:\/\/roczyny.edu.pl\/index.php\/wp-json\/wp\/v2\/users\/1"}],"replies":[{"embeddable":true,"href":"http:\/\/roczyny.edu.pl\/index.php\/wp-json\/wp\/v2\/comments?post=159"}],"version-history":[{"count":2,"href":"http:\/\/roczyny.edu.pl\/index.php\/wp-json\/wp\/v2\/pages\/159\/revisions"}],"predecessor-version":[{"id":748,"href":"http:\/\/roczyny.edu.pl\/index.php\/wp-json\/wp\/v2\/pages\/159\/revisions\/748"}],"up":[{"embeddable":true,"href":"http:\/\/roczyny.edu.pl\/index.php\/wp-json\/wp\/v2\/pages\/157"}],"wp:attachment":[{"href":"http:\/\/roczyny.edu.pl\/index.php\/wp-json\/wp\/v2\/media?parent=159"}],"curies":[{"name":"wp","href":"https:\/\/api.w.org\/{rel}","templated":true}]}}