{"id":6319,"date":"2023-05-09T20:39:34","date_gmt":"2023-05-09T18:39:34","guid":{"rendered":"http:\/\/roczyny.edu.pl\/?page_id=6319"},"modified":"2025-02-20T08:55:16","modified_gmt":"2025-02-20T07:55:16","slug":"rekrutacja-do-szkol-ponadpodstawowych","status":"publish","type":"page","link":"http:\/\/roczyny.edu.pl\/index.php\/rekrutacja-do-szkol-ponadpodstawowych\/","title":{"rendered":"Rekrutacja do szk\u00f3\u0142 ponadpodstawowych"},"content":{"rendered":"<h1 style=\"text-align: center;\"><b>Informacja dla uczni\u00f3w i rodzic\u00f3w<\/b><\/h1>\n<h1 style=\"text-align: center;\"><b>Rekrutacja do szk\u00f3\u0142 ponadpodstawowych na rok szkolny 2025\/2026<\/b><\/h1>\n<h1><img loading=\"lazy\" class=\"wp-image-9131 aligncenter\" style=\"font-size: 16px; font-weight: 400;\" src=\"http:\/\/roczyny.edu.pl\/wp-content\/uploads\/2024\/03\/Logo-szkoly-300x276.png\" alt=\"\" width=\"197\" height=\"181\" srcset=\"http:\/\/roczyny.edu.pl\/wp-content\/uploads\/2024\/03\/Logo-szkoly-300x276.png 300w, http:\/\/roczyny.edu.pl\/wp-content\/uploads\/2024\/03\/Logo-szkoly-250x230.png 250w, http:\/\/roczyny.edu.pl\/wp-content\/uploads\/2024\/03\/Logo-szkoly-195x180.png 195w, http:\/\/roczyny.edu.pl\/wp-content\/uploads\/2024\/03\/Logo-szkoly-326x300.png 326w, http:\/\/roczyny.edu.pl\/wp-content\/uploads\/2024\/03\/Logo-szkoly.png 331w\" sizes=\"(max-width: 197px) 100vw, 197px\" \/><\/h1>\n<p><b>Absolwenci szko\u0142y podstawowej <\/b><span style=\"font-weight: 400;\">mog\u0105 ubiega\u0107 si\u0119 o przyj\u0119cie do:<\/span><\/p>\n<ol>\n<li style=\"font-weight: 400;\" aria-level=\"1\"><span style=\"font-weight: 400;\">czteroletnich lice\u00f3w og\u00f3lnokszta\u0142c\u0105cych,<\/span><\/li>\n<li style=\"font-weight: 400;\" aria-level=\"1\"><span style=\"font-weight: 400;\">pi\u0119cioletnich technik\u00f3w,<\/span><\/li>\n<li style=\"font-weight: 400;\" aria-level=\"1\"><span style=\"font-weight: 400;\">trzyletnich bran\u017cowych szk\u00f3\u0142 I stopnia.<\/span><\/li>\n<\/ol>\n<p><b>Post\u0119powanie rekrutacyjne i post\u0119powanie uzupe\u0142niaj\u0105ce na ro<\/b><\/p>\n<p><b>k szkolny 2025\/2026 b\u0119dzie przeprowadzone w terminach okre\u015blonych w za\u0142\u0105czniku nr 1 do zarz\u0105dzenia \u00a0 \u00a0 \u00a0 \u00a0 Nr 7\/25 Ma\u0142opolskiego Kuratora O\u015bwiaty z dnia 29 stycznia 2025 r.\u00a0 \u2013 szczeg\u00f3\u0142y:<\/b><\/p>\n<p><span style=\"font-weight: 400;\">https:\/\/kuratorium.krakow.pl\/wp-content\/uploads\/2025\/01\/zalacznik-nr-1-lo-technikum-branzowa-szkola-i-stopnia-2025-2026.pdf<\/span><\/p>\n<p><b>Terminy sk\u0142adania wniosk\u00f3w<\/b><\/p>\n<p><b>od 12 maja do 20 czerwca 2025 r. \u2013 <\/b><span style=\"font-weight: 400;\">logowanie si\u0119 uczni\u00f3w do systemu rekrutacji elektronicznej prowadzonej przez system Omikron po adresem:<\/span><\/p>\n<p><a href=\"https:\/\/rekrutacje-krakow.pzo.edu.pl\/omikron-public\/\"><span style=\"font-weight: 400;\">https:\/\/rekrutacje-krakow.pzo.edu.pl\/omikron-public\/<\/span><\/a><\/p>\n<p><span style=\"font-weight: 400;\">oraz wyb\u00f3r szko\u0142y i klasy, kt\u00f3r\u0105 ucze\u0144 jest zainteresowany.<\/span><\/p>\n<p><b>od 12 maja do 9 lipca 2025 r.\u2013 <\/b><span style=\"font-weight: 400;\">sk\u0142adanie wniosku (podpisanego przez co najmniej jednego rodzica\/prawnego opiekuna) wraz z dokumentami o przyj\u0119cie do klasy pierwszej szko\u0142y ponadpodstawowej<\/span><\/p>\n<p><b>od 12 maja do 16 lipca 2025 r. <\/b><span style=\"font-weight: 400;\">&#8211; wydanie przez szko\u0142\u0119 skierowania na badania lekarskie kandydatowi, kt\u00f3ry z\u0142o\u017cy\u0142 wniosek rekrutacyjny do klasy I publicznej szko\u0142y ponadpodstawowej prowadz\u0105cej kszta\u0142cenie zawodowe \/ kszta\u0142cenie w zawodzie.<\/span><\/p>\n<p><b>od 12 maja do 26 maja 2025 r.\u2013 <\/b><span style=\"font-weight: 400;\">sk\u0142adanie wniosk\u00f3w o przyj\u0119cie do szk\u00f3\u0142 i oddzia\u0142\u00f3w dwuj\u0119zycznych, oddzia\u0142\u00f3w mi\u0119dzynarodowych, oddzia\u0142\u00f3w klas wst\u0119pnych, oddzia\u0142\u00f3w przygotowania wojskowego, szk\u00f3\u0142 i oddzia\u0142\u00f3w prowadz\u0105cych szkolenie sportowe<\/span><\/p>\n<p><b>od 27 maja do 30 czerwca 2025 r.Termin przeprowadzenia sprawdzian\u00f3w j\u0119zykowych i pr\u00f3b sprawno\u015bci fizycznej <\/b><span style=\"font-weight: 400;\">\u2013 Przeprowadzenie odpowiednio: sprawdzianu kompetencji j\u0119zykowych, sprawdzianu predyspozycji j\u0119zykowych, sprawdzianu uzdolnie\u0144 kierunkowych, pr\u00f3b sprawno\u015bci fizycznej.<\/span><\/p>\n<p><b>do 2 lipca 2025 r.\u2013 <\/b><span style=\"font-weight: 400;\">Podanie do publicznej wiadomo\u015bci przez komisj\u0119 rekrutacyjn\u0105 listy kandydat\u00f3w, kt\u00f3rzy uzyskali pozytywny wynik odpowiednio: sprawdzianu kompetencji j\u0119zykowych, sprawdzianu predyspozycji j\u0119zykowych, sprawdzianu uzdolnie\u0144 kierunkowych, pr\u00f3b sprawno\u015bci fizycznej<\/span><\/p>\n<p><b>Terminy uzupe\u0142niania wniosk\u00f3w:<\/b><\/p>\n<p><b>od 27 czerwca do 9 lipca 2025 r.\u00a0 \u2013 <\/b><span style=\"font-weight: 400;\">uzupe\u0142nienie wniosk\u00f3w rekrutacyjnych o \u015bwiadectwa uko\u0144czenia szko\u0142y podstawowej i za\u015bwiadczenia o wyniku egzaminu \u00f3smoklasisty<\/span><b> (w oryginale lub kopii)<\/b><\/p>\n<p><b>16 lipca 2025 r. do godz. 12.00 \u2013 opublikowanie przez komisje rekrutacyjne list kandydat\u00f3w zakwalifikowanych i niezakwalifikowanych do przyj\u0119cia do szk\u00f3\u0142<\/b><\/p>\n<p><b>do 18 lipca 2025 r. \u2013 potwierdzenie woli przyj\u0119cia do szko\u0142y<\/b><\/p>\n<p><span style=\"font-weight: 400;\">W szkole, do kt\u00f3rej kandydat zosta\u0142 zakwalifikowany <\/span><b>nale\u017cy potwierdzi\u0107 wol\u0119 przyj\u0119cia sk\u0142adaj\u0105c orygina\u0142 \u015bwiadectwa uko\u0144czenia szko\u0142y podstawowej i orygina\u0142 za\u015bwiadczenia o wynikach egzaminu \u00f3smoklasisty. <\/b><span style=\"font-weight: 400;\">Nale\u017cy to zrobi\u0107, je\u015bli dokumenty te nie zosta\u0142y z\u0142o\u017cone w uzupe\u0142nieniu wniosku o\u00a0<\/span><\/p>\n<p><span style=\"font-weight: 400;\">przyj\u0119cie do szko\u0142y ponadpodstawowej.<\/span><\/p>\n<p><span style=\"font-weight: 400;\">W przypadku szko\u0142y prowadz\u0105cej kszta\u0142cenie zawodowe nale\u017cy r\u00f3wnie\u017c z\u0142o\u017cy\u0107 <\/span><b>za\u015bwiadczenie lekarskie zawieraj\u0105ce orzeczenie o braku przeciwwskaza\u0144 zdrowotnych do podj\u0119cia praktycznej nauki zawodu oraz odpowiednio orzeczenie lekarskie o braku przeciwwskaza\u0144 zdrowotnych do kierowania pojazdem silnikowym i orzeczenie psychologiczne o braku przeciwwskaza\u0144 psychologicznych do kierowania pojazdem silnikowym<\/b><span style=\"font-weight: 400;\"> (dotyczy nauki zawod\u00f3w, w kt\u00f3rych podstawa programowa kszta\u0142cenia w zawodzie przewiduje uzyskanie umiej\u0119tno\u015bci kierowania pojazdem silnikowym lub pojazdem silnikowym w zakresie prawa jazdy kategorii C lub C+E).<\/span><\/p>\n<p><b>21 lipca 2025 r. do godz.12.00 \u2013 og\u0142oszenie<\/b> <b>list kandydat\u00f3w przyj\u0119tych i nieprzyj\u0119tych do szk\u00f3\u0142<\/b><\/p>\n<p><span style=\"font-weight: 400;\">Wyniki post\u0119powania rekrutacyjnego zostan\u0105 podane do publicznej wiadomo\u015bci w formie list kandydat\u00f3w zakwalifikowanych i niezakwalifikowanych do przyj\u0119cia oraz przyj\u0119tych i nieprzyj\u0119tych wywieszonych w szko\u0142ach. Informacja o zakwalifikowaniu kandydata do szko\u0142y dost\u0119pna b\u0119dzie w systemie rekrutacyjnym, a je\u015bli we wniosku podany b\u0119dzie adres e-mail rodzic\u00f3w informacja zostanie przes\u0142ana na ten adres.<\/span><\/p>\n<p><span style=\"font-weight: 400;\">W razie pyta\u0144 prosz\u0119 o kontakt z szkolnym doradc\u0105 zawodowym.<\/span><\/p>\n<p>&nbsp;<\/p>\n<p><span style=\"font-weight: 400;\">Elektroniczna rekrutacja do szk\u00f3\u0142 ponadpodstawowych odbywa si\u0119 za po\u015brednictwem systemu\u00a0 <\/span><b>OMIKRON<\/b><span style=\"font-weight: 400;\">, kt\u00f3ry <\/span><span style=\"font-weight: 400;\">dost\u0119pny jest pod adresem<\/span><span style=\"font-weight: 400;\">: <\/span><span style=\"font-weight: 400;\">https:\/\/rekrutacje-krakow.pzo.edu.pl\/omikron public\/<\/span><span style=\"font-weight: 400;\">\u00a0<\/span><\/p>\n<p><span style=\"font-weight: 400;\">Na stronie elektronicznego systemu rekrutacji mo\u017cliwe b\u0119dzie:\u00a0<\/span><\/p>\n<ul>\n<li><span style=\"font-weight: 400;\">Zapoznanie si\u0119 z ofert\u0105 szk\u00f3\u0142 bior\u0105cych udzia\u0142 w elektronicznej rekrutacji (pozycja menu\u00a0 <\/span><b>Informator o ofercie<\/b><span style=\"font-weight: 400;\">). Po wy\u015bwietleniu oferty szko\u0142y b\u0119dzie mo\u017cliwe zapoznanie si\u0119 z\u00a0 danymi teleadresowymi szko\u0142y oraz z list\u0105 klas\/grup rekrutacyjnych, w tym z informacj\u0105\u00a0 o punktowanych przedmiotach.\u00a0\u00a0<\/span><\/li>\n<li><span style=\"font-weight: 400;\">Zapoznanie si\u0119 z zasadami rekrutacji oraz terminarzem (pozycja <\/span><b>Zasady rekrutacji<\/b><span style=\"font-weight: 400;\">,\u00a0 <\/span><b>Terminarz<\/b><span style=\"font-weight: 400;\">).\u00a0<\/span><\/li>\n<li><span style=\"font-weight: 400;\">Zarejestrowanie wniosku (pozycja <\/span><b>Zarejestruj<\/b><span style=\"font-weight: 400;\">).\u00a0<\/span><\/li>\n<\/ul>\n<p><img loading=\"lazy\" class=\"aligncenter wp-image-9169 size-full\" src=\"http:\/\/roczyny.edu.pl\/wp-content\/uploads\/2024\/03\/rekrutacja-1.png\" alt=\"\" width=\"783\" height=\"307\" srcset=\"http:\/\/roczyny.edu.pl\/wp-content\/uploads\/2024\/03\/rekrutacja-1.png 783w, http:\/\/roczyny.edu.pl\/wp-content\/uploads\/2024\/03\/rekrutacja-1-300x118.png 300w, http:\/\/roczyny.edu.pl\/wp-content\/uploads\/2024\/03\/rekrutacja-1-768x301.png 768w, http:\/\/roczyny.edu.pl\/wp-content\/uploads\/2024\/03\/rekrutacja-1-660x259.png 660w, http:\/\/roczyny.edu.pl\/wp-content\/uploads\/2024\/03\/rekrutacja-1-250x98.png 250w, http:\/\/roczyny.edu.pl\/wp-content\/uploads\/2024\/03\/rekrutacja-1-550x216.png 550w, http:\/\/roczyny.edu.pl\/wp-content\/uploads\/2024\/03\/rekrutacja-1-459x180.png 459w, http:\/\/roczyny.edu.pl\/wp-content\/uploads\/2024\/03\/rekrutacja-1-765x300.png 765w\" sizes=\"(max-width: 783px) 100vw, 783px\" \/><\/p>\n<p><span style=\"font-weight: 400;\">Po zarejestrowaniu wniosku w systemie rekrutacji, kandydat mo\u017ce zalogowa\u0107 si\u0119 na swoje\u00a0 konto utworzone podczas rejestracji. Loguj\u0105c si\u0119 do konta nale\u017cy poda\u0107 login i has\u0142o, kt\u00f3re\u00a0 zosta\u0142y wprowadzone przez u\u017cytkownika podczas rejestracji wniosku na stronie publicznej.\u00a0\u00a0<\/span><\/p>\n<p><img loading=\"lazy\" class=\"aligncenter wp-image-9168 size-full\" src=\"http:\/\/roczyny.edu.pl\/wp-content\/uploads\/2024\/03\/rekrutacja-2.png\" alt=\"\" width=\"771\" height=\"272\" srcset=\"http:\/\/roczyny.edu.pl\/wp-content\/uploads\/2024\/03\/rekrutacja-2.png 771w, http:\/\/roczyny.edu.pl\/wp-content\/uploads\/2024\/03\/rekrutacja-2-300x106.png 300w, http:\/\/roczyny.edu.pl\/wp-content\/uploads\/2024\/03\/rekrutacja-2-768x271.png 768w, http:\/\/roczyny.edu.pl\/wp-content\/uploads\/2024\/03\/rekrutacja-2-660x233.png 660w, http:\/\/roczyny.edu.pl\/wp-content\/uploads\/2024\/03\/rekrutacja-2-250x88.png 250w, http:\/\/roczyny.edu.pl\/wp-content\/uploads\/2024\/03\/rekrutacja-2-550x194.png 550w, http:\/\/roczyny.edu.pl\/wp-content\/uploads\/2024\/03\/rekrutacja-2-510x180.png 510w\" sizes=\"(max-width: 771px) 100vw, 771px\" \/><\/p>\n<p><span style=\"font-weight: 400;\">Po zalogowaniu si\u0119 na konto w systemie rekrutacji, kandydat ma mo\u017cliwo\u015b\u0107 sprawdzenia\u00a0 statusu wniosku oraz w p\u00f3\u017aniejszym etapie statusu osi\u0105gni\u0119\u0107. Po og\u0142oszeniu list\u00a0 zakwalifikowanych i niezakwalifikowanych, wynik rekrutacji r\u00f3wnie\u017c mo\u017cna sprawdzi\u0107 poprzez\u00a0 zalogowanie si\u0119 na konto kandydata.\u00a0<\/span><\/p>\n<p><img loading=\"lazy\" class=\"aligncenter wp-image-9167 size-full\" src=\"http:\/\/roczyny.edu.pl\/wp-content\/uploads\/2024\/03\/rekrutacja-3.png\" alt=\"\" width=\"819\" height=\"160\" srcset=\"http:\/\/roczyny.edu.pl\/wp-content\/uploads\/2024\/03\/rekrutacja-3.png 819w, http:\/\/roczyny.edu.pl\/wp-content\/uploads\/2024\/03\/rekrutacja-3-300x59.png 300w, http:\/\/roczyny.edu.pl\/wp-content\/uploads\/2024\/03\/rekrutacja-3-768x150.png 768w, http:\/\/roczyny.edu.pl\/wp-content\/uploads\/2024\/03\/rekrutacja-3-660x129.png 660w, http:\/\/roczyny.edu.pl\/wp-content\/uploads\/2024\/03\/rekrutacja-3-250x49.png 250w, http:\/\/roczyny.edu.pl\/wp-content\/uploads\/2024\/03\/rekrutacja-3-550x107.png 550w, http:\/\/roczyny.edu.pl\/wp-content\/uploads\/2024\/03\/rekrutacja-3-800x156.png 800w\" sizes=\"(max-width: 819px) 100vw, 819px\" \/><\/p>\n<p><span style=\"font-weight: 400;\">Wype\u0142niony w systemie wniosek nale\u017cy zgodnie z terminarzem rekrutacji z\u0142o\u017cy\u0107 w plac\u00f3wce\u00a0 pierwszego wyboru. Kandydat mo\u017ce z\u0142o\u017cy\u0107 wniosek na dwa sposoby:\u00a0\u00a0<\/span><\/p>\n<ul>\n<li><b>Osobi\u015bcie <\/b><span style=\"font-weight: 400;\">\u2013 poprzez wydrukowanie z systemu wniosku, kt\u00f3ry nale\u017cy podpisa\u0107 i\u00a0 dostarczy\u0107 do plac\u00f3wki pierwszego wyboru.\u00a0\u00a0<\/span><\/li>\n<li><b>Elektronicznie <\/b><span style=\"font-weight: 400;\">\u2013 poprzez z\u0142o\u017cenie przez rodzic\u00f3w\/prawnych opiekun\u00f3w e-podpisu.\u00a0 Warunkiem skorzystania z tej opcji jest posiadanie przez rodzic\u00f3w\/prawnych opiekun\u00f3w\u00a0 Profilu Zaufanego lub e-dowodu lub podpisu kwalifikowanego). Wyb\u00f3r elektronicznej\u00a0 formy z\u0142o\u017cenia wniosku nie wymaga z\u0142o\u017cenia wersji papierowej w plac\u00f3wce pierwszego wyboru.\u00a0\u00a0<\/span><\/li>\n<\/ul>\n<p><span style=\"font-weight: 400;\">Szko\u0142a pierwszego wyboru weryfikuje i dokonuje potwierdzenia wniosku w systemie rekrutacji.\u00a0 Po potwierdzeniu wniosku przez szko\u0142\u0119 pierwszego wyboru zablokowana zostaje mo\u017cliwo\u015b\u0107\u00a0 edycji danych na koncie kandydata. Je\u015bli kandydat chce dokona\u0107 zmian we wniosku konieczne\u00a0 jest zg\u0142oszenie si\u0119 do plac\u00f3wki pierwszego wyboru z pro\u015bb\u0105 o anulowanie potwierdzenia\u00a0 wniosku.\u00a0\u00a0<\/span><\/p>\n<p><span style=\"font-weight: 400;\">Zgodnie z terminarzem rekrutacji konieczne b\u0119dzie uzupe\u0142nienie wniosku o \u015bwiadectwo\u00a0 uko\u0144czenia szko\u0142y podstawowej i za\u015bwiadczenie o wyniku egzaminu \u00f3smoklasisty. Dokumenty\u00a0 te kandydat b\u0119dzie m\u00f3g\u0142 za\u0142\u0105czy\u0107 w systemie rekrutacji (po zalogowaniu si\u0119 na swoje konto, w\u00a0 sekcji <\/span><b>Za\u0142\u0105czniki<\/b><span style=\"font-weight: 400;\">) lub z\u0142o\u017cy\u0107 osobi\u015bcie w plac\u00f3wce pierwszego wyboru.\u00a0\u00a0<\/span><\/p>\n<p><span style=\"font-weight: 400;\">Szko\u0142a pierwszego wyboru dokonuje weryfikacji osi\u0105gnie\u0107 kandydata na podstawie z\u0142o\u017conych\u00a0 dokument\u00f3w (\u015bwiadectwo uko\u0144czenia szko\u0142y podstawowej i za\u015bwiadczenie o wyniku egzaminu\u00a0 \u00f3smoklasisty) i potwierdza je w systemie rekrutacji.\u00a0\u00a0<\/span><\/p>\n<p><span style=\"font-weight: 400;\">Wynik rekrutacji kandydat mo\u017ce sprawdzi\u0107:\u00a0\u00a0<\/span><\/p>\n<ul>\n<li><span style=\"font-weight: 400;\">Na listach wywieszonych w szko\u0142ach ponadpodstawowych,\u00a0<\/span><\/li>\n<li><span style=\"font-weight: 400;\">Loguj\u0105c si\u0119 na konto kandydata w systemie rekrutacji OMIKRON.\u00a0<\/span><\/li>\n<\/ul>\n<p><span style=\"font-weight: 400;\">Dodatkowo na adres e-mail podany podczas rejestracji wniosku przesy\u0142ana jest informacja o\u00a0 wyniku rekrutacji. <\/span><\/p>\n","protected":false},"excerpt":{"rendered":"<p>Informacja dla uczni\u00f3w i rodzic\u00f3w Rekrutacja do szk\u00f3\u0142 ponadpodstawowych na rok szkolny 2025\/2026 Absolwenci szko\u0142y podstawowej mog\u0105 ubiega\u0107 si\u0119 o przyj\u0119cie do: czteroletnich lice\u00f3w og\u00f3lnokszta\u0142c\u0105cych, pi\u0119cioletnich technik\u00f3w, trzyletnich bran\u017cowych szk\u00f3\u0142 I stopnia. Post\u0119powanie rekrutacyjne i post\u0119powanie uzupe\u0142niaj\u0105ce na ro k szkolny 2025\/2026 b\u0119dzie przeprowadzone w terminach okre\u015blonych w za\u0142\u0105czniku nr 1 do zarz\u0105dzenia \u00a0 \u00a0\u2026 <span class=\"read-more\"><a href=\"http:\/\/roczyny.edu.pl\/index.php\/rekrutacja-do-szkol-ponadpodstawowych\/\">Czytaj dalej &raquo;<\/a><\/span><\/p>\n","protected":false},"author":3,"featured_media":9131,"parent":0,"menu_order":0,"comment_status":"closed","ping_status":"closed","template":"","meta":{"bgseo_title":"","bgseo_description":"","bgseo_robots_index":"index","bgseo_robots_follow":"follow"},"_links":{"self":[{"href":"http:\/\/roczyny.edu.pl\/index.php\/wp-json\/wp\/v2\/pages\/6319"}],"collection":[{"href":"http:\/\/roczyny.edu.pl\/index.php\/wp-json\/wp\/v2\/pages"}],"about":[{"href":"http:\/\/roczyny.edu.pl\/index.php\/wp-json\/wp\/v2\/types\/page"}],"author":[{"embeddable":true,"href":"http:\/\/roczyny.edu.pl\/index.php\/wp-json\/wp\/v2\/users\/3"}],"replies":[{"embeddable":true,"href":"http:\/\/roczyny.edu.pl\/index.php\/wp-json\/wp\/v2\/comments?post=6319"}],"version-history":[{"count":10,"href":"http:\/\/roczyny.edu.pl\/index.php\/wp-json\/wp\/v2\/pages\/6319\/revisions"}],"predecessor-version":[{"id":12698,"href":"http:\/\/roczyny.edu.pl\/index.php\/wp-json\/wp\/v2\/pages\/6319\/revisions\/12698"}],"wp:featuredmedia":[{"embeddable":true,"href":"http:\/\/roczyny.edu.pl\/index.php\/wp-json\/wp\/v2\/media\/9131"}],"wp:attachment":[{"href":"http:\/\/roczyny.edu.pl\/index.php\/wp-json\/wp\/v2\/media?parent=6319"}],"curies":[{"name":"wp","href":"https:\/\/api.w.org\/{rel}","templated":true}]}}